{"id":757,"date":"2025-03-19T12:03:28","date_gmt":"2025-03-19T11:03:28","guid":{"rendered":"https:\/\/lumes.be\/?page_id=757"},"modified":"2025-03-26T09:18:34","modified_gmt":"2025-03-26T08:18:34","slug":"wegmarkeringen","status":"publish","type":"page","link":"https:\/\/lumes.be\/fr\/wegmarkeringen\/","title":{"rendered":"Marquage routier"},"content":{"rendered":"<p>Le marquage routier est un \u00e9l\u00e9ment fondamental de notre infrastructure, essentiel pour la s\u00e9curit\u00e9 routi\u00e8re.<strong> guider les flux de trafic<\/strong> et le<strong> assurer la s\u00e9curit\u00e9<\/strong>. Que ce soit dans les parkings des centres commerciaux ou sur les routes internes des parcs d'activit\u00e9s, un marquage routier clair et durable est essentiel. Chez Lumes, nous comprenons l'impact des <strong>qualit\u00e9 <\/strong>de la route et de mettre en place notre <strong>expertise <\/strong>afin de fournir des solutions optimales.<\/p>\n\n\n\n<p><\/p>","protected":false},"excerpt":{"rendered":"<p>Wegmarkeringen vormen een fundamenteel element van onze infrastructuur, essentieel voor het geleiden van verkeersstromen en het waarborgen van veiligheid. Of het nu gaat om parkeerterreinen van winkelcentra of de interne wegen van bedrijfsterreinen, duidelijke en duurzame wegmarkeringen zijn van cruciaal belang. Bij Lumes begrijpen we de impact van kwalitatieve wegmarkeringen en zetten we onze expertise [&hellip;]<\/p>\n","protected":false},"author":1,"featured_media":0,"parent":0,"menu_order":0,"comment_status":"closed","ping_status":"closed","template":"","meta":{"_seopress_robots_primary_cat":"","_seopress_titles_title":"Wegmarkeringen: veiligheid & belijning | Lumes","_seopress_titles_desc":"Professionele wegmarkeringen voor veilig verkeer. Belijning, pijlen & symbolen voor parkeerterreinen & bedrijfswegen. Duurzame materialen & installatie.","_seopress_robots_index":"","iawp_total_views":19,"footnotes":""},"type-pagina":[33],"class_list":["post-757","page","type-page","status-publish","hentry","type-pagina-landingspagina"],"_links":{"self":[{"href":"https:\/\/lumes.be\/fr\/wp-json\/wp\/v2\/pages\/757","targetHints":{"allow":["GET"]}}],"collection":[{"href":"https:\/\/lumes.be\/fr\/wp-json\/wp\/v2\/pages"}],"about":[{"href":"https:\/\/lumes.be\/fr\/wp-json\/wp\/v2\/types\/page"}],"author":[{"embeddable":true,"href":"https:\/\/lumes.be\/fr\/wp-json\/wp\/v2\/users\/1"}],"replies":[{"embeddable":true,"href":"https:\/\/lumes.be\/fr\/wp-json\/wp\/v2\/comments?post=757"}],"version-history":[{"count":3,"href":"https:\/\/lumes.be\/fr\/wp-json\/wp\/v2\/pages\/757\/revisions"}],"predecessor-version":[{"id":791,"href":"https:\/\/lumes.be\/fr\/wp-json\/wp\/v2\/pages\/757\/revisions\/791"}],"wp:attachment":[{"href":"https:\/\/lumes.be\/fr\/wp-json\/wp\/v2\/media?parent=757"}],"wp:term":[{"taxonomy":"type-pagina","embeddable":true,"href":"https:\/\/lumes.be\/fr\/wp-json\/wp\/v2\/type-pagina?post=757"}],"curies":[{"name":"wp","href":"https:\/\/api.w.org\/{rel}","templated":true}]}}