{"id":749,"date":"2025-03-19T11:39:39","date_gmt":"2025-03-19T10:39:39","guid":{"rendered":"https:\/\/lumes.be\/?page_id=749"},"modified":"2025-07-13T14:11:33","modified_gmt":"2025-07-13T12:11:33","slug":"aanrijdbeveiliging-laadpaal","status":"publish","type":"page","link":"https:\/\/lumes.be\/fr\/aanrijdbeveiliging-laadpaal\/","title":{"rendered":"Station de recharge pour la protection contre les collisions"},"content":{"rendered":"<p>Avec la popularit\u00e9 croissante des v\u00e9hicules \u00e9lectriques, l'installation de bornes de recharge est devenue un \u00e9l\u00e9ment essentiel de l'infrastructure moderne. Cependant, depuis le 1er novembre 2022, il est \u00e9galement possible de recharger un v\u00e9hicule \u00e9lectrique. <strong>Protection obligatoire des stations de recharge contre les charges m\u00e9caniques<\/strong>comme les collisions. Chez Lumes, nous comprenons la n\u00e9cessit\u00e9 de cette protection et proposons des solutions sur mesure.<\/p>\n\n\n\n<p><\/p>","protected":false},"excerpt":{"rendered":"<p>Met de groeiende populariteit van elektrische voertuigen, is de installatie van laadpalen een essentieel onderdeel geworden van moderne infrastructuur. Echter, sinds 1 november 2022 is het ook verplicht om laadpalen te beschermen tegen mechanische belastingen, zoals aanrijdingen. Bij Lumes begrijpen we de noodzaak van deze bescherming en bieden we oplossingen op maat.<\/p>","protected":false},"author":1,"featured_media":0,"parent":0,"menu_order":0,"comment_status":"closed","ping_status":"closed","template":"","meta":{"_seopress_robots_primary_cat":"","_seopress_titles_title":"Aanrijdbeveiliging laadpaal: wettelijke verplichting | Lumes","_seopress_titles_desc":"Aanrijdbeveiliging laadpaal nodig? Voldoet aan wetgeving. Bollards, beugels & meer. Professionele installatie. Advies op maat!","_seopress_robots_index":"","iawp_total_views":213,"footnotes":""},"type-pagina":[33],"class_list":["post-749","page","type-page","status-publish","hentry","type-pagina-landingspagina"],"_links":{"self":[{"href":"https:\/\/lumes.be\/fr\/wp-json\/wp\/v2\/pages\/749","targetHints":{"allow":["GET"]}}],"collection":[{"href":"https:\/\/lumes.be\/fr\/wp-json\/wp\/v2\/pages"}],"about":[{"href":"https:\/\/lumes.be\/fr\/wp-json\/wp\/v2\/types\/page"}],"author":[{"embeddable":true,"href":"https:\/\/lumes.be\/fr\/wp-json\/wp\/v2\/users\/1"}],"replies":[{"embeddable":true,"href":"https:\/\/lumes.be\/fr\/wp-json\/wp\/v2\/comments?post=749"}],"version-history":[{"count":4,"href":"https:\/\/lumes.be\/fr\/wp-json\/wp\/v2\/pages\/749\/revisions"}],"predecessor-version":[{"id":1401,"href":"https:\/\/lumes.be\/fr\/wp-json\/wp\/v2\/pages\/749\/revisions\/1401"}],"wp:attachment":[{"href":"https:\/\/lumes.be\/fr\/wp-json\/wp\/v2\/media?parent=749"}],"wp:term":[{"taxonomy":"type-pagina","embeddable":true,"href":"https:\/\/lumes.be\/fr\/wp-json\/wp\/v2\/type-pagina?post=749"}],"curies":[{"name":"wp","href":"https:\/\/api.w.org\/{rel}","templated":true}]}}