{"id":1415,"date":"2025-03-28T10:24:45","date_gmt":"2025-03-28T09:24:45","guid":{"rendered":"https:\/\/lumes.be\/?page_id=1415"},"modified":"2025-03-28T10:29:28","modified_gmt":"2025-03-28T09:29:28","slug":"verkeersplateau","status":"publish","type":"page","link":"https:\/\/lumes.be\/fr\/verkeersplateau\/","title":{"rendered":"Plate-forme de trafic"},"content":{"rendered":"<p>Les rampes d'acc\u00e8s sont une mesure efficace pour r\u00e9duire la vitesse des v\u00e9hicules et accro\u00eetre la s\u00e9curit\u00e9 routi\u00e8re, en particulier dans les zones \u00e0 forte densit\u00e9 de pi\u00e9tons. Lumes offre son expertise en mati\u00e8re de planification et d'installation de rampes de circulation dans diff\u00e9rents environnements.<\/p>","protected":false},"excerpt":{"rendered":"<p>Les rampes d'acc\u00e8s sont une mesure efficace pour r\u00e9duire la vitesse des v\u00e9hicules et accro\u00eetre la s\u00e9curit\u00e9 routi\u00e8re, en particulier dans les zones \u00e0 forte densit\u00e9 de pi\u00e9tons. Lumes offre son expertise en mati\u00e8re de planification et d'installation de rampes de circulation dans diff\u00e9rents environnements.<\/p>","protected":false},"author":3,"featured_media":0,"parent":0,"menu_order":0,"comment_status":"closed","ping_status":"closed","template":"","meta":{"_seopress_robots_primary_cat":"","_seopress_titles_title":"Verkeersplateau: Snelheidsremmer voor veiligheid op jouw terrein | Lumes","_seopress_titles_desc":"Verkeersplateau nodig? Lumes biedt expertise in installatie van verkeersplateaus voor veilige verkeersregulering in woonwijken, scholen, en meer.","_seopress_robots_index":"","iawp_total_views":5,"footnotes":""},"type-pagina":[33],"class_list":["post-1415","page","type-page","status-publish","hentry","type-pagina-landingspagina"],"_links":{"self":[{"href":"https:\/\/lumes.be\/fr\/wp-json\/wp\/v2\/pages\/1415","targetHints":{"allow":["GET"]}}],"collection":[{"href":"https:\/\/lumes.be\/fr\/wp-json\/wp\/v2\/pages"}],"about":[{"href":"https:\/\/lumes.be\/fr\/wp-json\/wp\/v2\/types\/page"}],"author":[{"embeddable":true,"href":"https:\/\/lumes.be\/fr\/wp-json\/wp\/v2\/users\/3"}],"replies":[{"embeddable":true,"href":"https:\/\/lumes.be\/fr\/wp-json\/wp\/v2\/comments?post=1415"}],"version-history":[{"count":1,"href":"https:\/\/lumes.be\/fr\/wp-json\/wp\/v2\/pages\/1415\/revisions"}],"predecessor-version":[{"id":1418,"href":"https:\/\/lumes.be\/fr\/wp-json\/wp\/v2\/pages\/1415\/revisions\/1418"}],"wp:attachment":[{"href":"https:\/\/lumes.be\/fr\/wp-json\/wp\/v2\/media?parent=1415"}],"wp:term":[{"taxonomy":"type-pagina","embeddable":true,"href":"https:\/\/lumes.be\/fr\/wp-json\/wp\/v2\/type-pagina?post=1415"}],"curies":[{"name":"wp","href":"https:\/\/api.w.org\/{rel}","templated":true}]}}