{"id":1379,"date":"2025-03-27T16:55:54","date_gmt":"2025-03-27T15:55:54","guid":{"rendered":"https:\/\/lumes.be\/?page_id=1379"},"modified":"2025-03-27T16:55:58","modified_gmt":"2025-03-27T15:55:58","slug":"vloercoating","status":"publish","type":"page","link":"https:\/\/lumes.be\/en\/vloercoating\/","title":{"rendered":"Floor coating"},"content":{"rendered":"<p>Floor coating is a durable and versatile solution to extend the life of your floor, improve its appearance and create a hygienic environment. <\/p>\n\n\n\n<p>Whether it's an industrial floor, a commercial space or a garage floor, Lumes offers professional custom floor coating.<\/p>","protected":false},"excerpt":{"rendered":"<p>Vloercoating is een duurzame en veelzijdige oplossing om de levensduur van uw vloer te verlengen, de uitstraling te verbeteren en een hygi\u00ebnische omgeving te cre\u00ebren. Of het nu gaat om een industri\u00eble vloer, een commerci\u00eble ruimte of een garagevloer, Lumes biedt professionele vloercoating op maat.<\/p>","protected":false},"author":3,"featured_media":0,"parent":0,"menu_order":0,"comment_status":"closed","ping_status":"closed","template":"","meta":{"_seopress_robots_primary_cat":"","_seopress_titles_title":"Vloercoating: Epoxy, PU & antislip | Lumes","_seopress_titles_desc":"Vloercoating nodig? Lumes biedt duurzame epoxy, polyurethaan & antislip vloeren voor industrie, commercieel & woningen. Professionele applicatie.","_seopress_robots_index":"","iawp_total_views":15,"footnotes":""},"type-pagina":[33],"class_list":["post-1379","page","type-page","status-publish","hentry","type-pagina-landingspagina"],"_links":{"self":[{"href":"https:\/\/lumes.be\/en\/wp-json\/wp\/v2\/pages\/1379","targetHints":{"allow":["GET"]}}],"collection":[{"href":"https:\/\/lumes.be\/en\/wp-json\/wp\/v2\/pages"}],"about":[{"href":"https:\/\/lumes.be\/en\/wp-json\/wp\/v2\/types\/page"}],"author":[{"embeddable":true,"href":"https:\/\/lumes.be\/en\/wp-json\/wp\/v2\/users\/3"}],"replies":[{"embeddable":true,"href":"https:\/\/lumes.be\/en\/wp-json\/wp\/v2\/comments?post=1379"}],"version-history":[{"count":1,"href":"https:\/\/lumes.be\/en\/wp-json\/wp\/v2\/pages\/1379\/revisions"}],"predecessor-version":[{"id":1382,"href":"https:\/\/lumes.be\/en\/wp-json\/wp\/v2\/pages\/1379\/revisions\/1382"}],"wp:attachment":[{"href":"https:\/\/lumes.be\/en\/wp-json\/wp\/v2\/media?parent=1379"}],"wp:term":[{"taxonomy":"type-pagina","embeddable":true,"href":"https:\/\/lumes.be\/en\/wp-json\/wp\/v2\/type-pagina?post=1379"}],"curies":[{"name":"wp","href":"https:\/\/api.w.org\/{rel}","templated":true}]}}